{"id":6233,"date":"2020-12-01T16:30:39","date_gmt":"2020-12-01T15:30:39","guid":{"rendered":"http:\/\/turismo.concellodovicedo.org.185-176-9-81.185-176-9-81.visualpublinet.com\/deseno-web\/"},"modified":"2022-01-19T13:08:47","modified_gmt":"2022-01-19T12:08:47","slug":"deseno-web","status":"publish","type":"page","link":"https:\/\/turismo.concellodovicedo.org\/es\/deseno-web\/","title":{"rendered":"Dese\u00f1o web"},"content":{"rendered":"<p>[et_pb_section fb_built=\u00bb1&#8243; admin_label=\u00bbPage Title\u00bb _builder_version=\u00bb4.6.0&#8243; _module_preset=\u00bbdefault\u00bb background_enable_image=\u00bboff\u00bb global_colors_info=\u00bb{}\u00bb][et_pb_row _builder_version=\u00bb4.6.0&#8243; _module_preset=\u00bbdefault\u00bb global_colors_info=\u00bb{}\u00bb][et_pb_column type=\u00bb4_4&#8243; _builder_version=\u00bb4.6.0&#8243; _module_preset=\u00bbdefault\u00bb global_colors_info=\u00bb{}\u00bb][et_pb_text admin_label=\u00bbh1&#8243; _builder_version=\u00bb4.6.0&#8243; _module_preset=\u00bbdefault\u00bb header_font=\u00bb|300|||||||\u00bb header_text_color=\u00bb#00C7D3&#8243; global_colors_info=\u00bb{}\u00bb]<\/p>\n<h1 style=\"text-align: center;\">Dise\u00f1o web<\/h1>\n<p>[\/et_pb_text][et_pb_text _builder_version=\u00bb4.6.0&#8243; _module_preset=\u00bbdefault\u00bb global_colors_info=\u00bb{}\u00bb]<\/p>\n<div style=\"text-align:center;\">\n<p><a href=\"https:\/\/visualpublinet.com\/\" rel=\"external nofollow noopener noreferrer\" target=\"new\"><img decoding=\"async\" src=\"https:\/\/visualpublinet.com\/creditos-coruna.gif\" alt=\"Programaci\u00f3n web\"><\/a><\/p>\n<p><a href=\"https:\/\/visualpublinet.com\/\" rel=\"external nofollow noopener noreferrer\" target=\"_blank\">Dise\u00f1o web<\/a> por Visual Publinet<\/p>\n<\/div>\n<p>[\/et_pb_text][\/et_pb_column][\/et_pb_row][\/et_pb_section]<\/p>\n","protected":false},"excerpt":{"rendered":"<p>Dise\u00f1o web Dise\u00f1o web por Visual Publinet<\/p>\n","protected":false},"author":1,"featured_media":0,"parent":0,"menu_order":0,"comment_status":"closed","ping_status":"closed","template":"","meta":{"_acf_changed":false,"_et_pb_use_builder":"on","_et_pb_old_content":"","_et_gb_content_width":"","inline_featured_image":false,"footnotes":""},"class_list":["post-6233","page","type-page","status-publish","hentry"],"acf":[],"yoast_head":"<!-- This site is optimized with the Yoast SEO plugin v24.7 - https:\/\/yoast.com\/wordpress\/plugins\/seo\/ -->\n<title>Dese\u00f1o web &#8226; Turismo Concello do Vicedo<\/title>\n<meta name=\"robots\" content=\"index, follow, max-snippet:-1, max-image-preview:large, max-video-preview:-1\" \/>\n<link rel=\"canonical\" href=\"https:\/\/turismo.concellodovicedo.org\/es\/deseno-web\/\" \/>\n<meta property=\"og:locale\" content=\"es_ES\" \/>\n<meta property=\"og:type\" content=\"article\" \/>\n<meta property=\"og:title\" content=\"Dese\u00f1o web &#8226; Turismo Concello do Vicedo\" \/>\n<meta property=\"og:description\" content=\"Dise\u00f1o web Dise\u00f1o web por Visual Publinet\" \/>\n<meta property=\"og:url\" content=\"https:\/\/turismo.concellodovicedo.org\/es\/deseno-web\/\" \/>\n<meta property=\"og:site_name\" content=\"Turismo Concello do Vicedo\" \/>\n<meta property=\"article:modified_time\" content=\"2022-01-19T12:08:47+00:00\" \/>\n<meta property=\"og:image\" content=\"https:\/\/visualpublinet.com\/creditos-coruna.gif\" \/>\n<meta name=\"twitter:card\" content=\"summary_large_image\" \/>\n<meta name=\"twitter:label1\" content=\"Tiempo de lectura\" \/>\n\t<meta name=\"twitter:data1\" content=\"1 minuto\" \/>\n<script type=\"application\/ld+json\" class=\"yoast-schema-graph\">{\"@context\":\"https:\/\/schema.org\",\"@graph\":[{\"@type\":\"WebPage\",\"@id\":\"https:\/\/turismo.concellodovicedo.org\/es\/deseno-web\/\",\"url\":\"https:\/\/turismo.concellodovicedo.org\/es\/deseno-web\/\",\"name\":\"Dese\u00f1o web &#8226; Turismo Concello do Vicedo\",\"isPartOf\":{\"@id\":\"https:\/\/turismo.concellodovicedo.org\/es\/#website\"},\"primaryImageOfPage\":{\"@id\":\"https:\/\/turismo.concellodovicedo.org\/es\/deseno-web\/#primaryimage\"},\"image\":{\"@id\":\"https:\/\/turismo.concellodovicedo.org\/es\/deseno-web\/#primaryimage\"},\"thumbnailUrl\":\"https:\/\/visualpublinet.com\/creditos-coruna.gif\",\"datePublished\":\"2020-12-01T15:30:39+00:00\",\"dateModified\":\"2022-01-19T12:08:47+00:00\",\"breadcrumb\":{\"@id\":\"https:\/\/turismo.concellodovicedo.org\/es\/deseno-web\/#breadcrumb\"},\"inLanguage\":\"es\",\"potentialAction\":[{\"@type\":\"ReadAction\",\"target\":[\"https:\/\/turismo.concellodovicedo.org\/es\/deseno-web\/\"]}]},{\"@type\":\"ImageObject\",\"inLanguage\":\"es\",\"@id\":\"https:\/\/turismo.concellodovicedo.org\/es\/deseno-web\/#primaryimage\",\"url\":\"https:\/\/visualpublinet.com\/creditos-coruna.gif\",\"contentUrl\":\"https:\/\/visualpublinet.com\/creditos-coruna.gif\"},{\"@type\":\"BreadcrumbList\",\"@id\":\"https:\/\/turismo.concellodovicedo.org\/es\/deseno-web\/#breadcrumb\",\"itemListElement\":[{\"@type\":\"ListItem\",\"position\":1,\"name\":\"Home\",\"item\":\"https:\/\/turismo.concellodovicedo.org\/es\/\"},{\"@type\":\"ListItem\",\"position\":2,\"name\":\"Dese\u00f1o web\"}]},{\"@type\":\"WebSite\",\"@id\":\"https:\/\/turismo.concellodovicedo.org\/es\/#website\",\"url\":\"https:\/\/turismo.concellodovicedo.org\/es\/\",\"name\":\"Turismo Concello do Vicedo\",\"description\":\"Portal de Turismo do Concello do Vicedo\",\"publisher\":{\"@id\":\"https:\/\/turismo.concellodovicedo.org\/es\/#organization\"},\"potentialAction\":[{\"@type\":\"SearchAction\",\"target\":{\"@type\":\"EntryPoint\",\"urlTemplate\":\"https:\/\/turismo.concellodovicedo.org\/es\/?s={search_term_string}\"},\"query-input\":{\"@type\":\"PropertyValueSpecification\",\"valueRequired\":true,\"valueName\":\"search_term_string\"}}],\"inLanguage\":\"es\"},{\"@type\":\"Organization\",\"@id\":\"https:\/\/turismo.concellodovicedo.org\/es\/#organization\",\"name\":\"Turismo Concello O Vicedo\",\"url\":\"https:\/\/turismo.concellodovicedo.org\/es\/\",\"logo\":{\"@type\":\"ImageObject\",\"inLanguage\":\"es\",\"@id\":\"https:\/\/turismo.concellodovicedo.org\/es\/#\/schema\/logo\/image\/\",\"url\":\"https:\/\/turismo.concellodovicedo.org\/wp-content\/uploads\/2021\/11\/logo-turismo-vicedo-02.png\",\"contentUrl\":\"https:\/\/turismo.concellodovicedo.org\/wp-content\/uploads\/2021\/11\/logo-turismo-vicedo-02.png\",\"width\":200,\"height\":200,\"caption\":\"Turismo Concello O Vicedo\"},\"image\":{\"@id\":\"https:\/\/turismo.concellodovicedo.org\/es\/#\/schema\/logo\/image\/\"}}]}<\/script>\n<!-- \/ Yoast SEO plugin. -->","yoast_head_json":{"title":"Dese\u00f1o web &#8226; Turismo Concello do Vicedo","robots":{"index":"index","follow":"follow","max-snippet":"max-snippet:-1","max-image-preview":"max-image-preview:large","max-video-preview":"max-video-preview:-1"},"canonical":"https:\/\/turismo.concellodovicedo.org\/es\/deseno-web\/","og_locale":"es_ES","og_type":"article","og_title":"Dese\u00f1o web &#8226; Turismo Concello do Vicedo","og_description":"Dise\u00f1o web Dise\u00f1o web por Visual Publinet","og_url":"https:\/\/turismo.concellodovicedo.org\/es\/deseno-web\/","og_site_name":"Turismo Concello do Vicedo","article_modified_time":"2022-01-19T12:08:47+00:00","og_image":[{"url":"https:\/\/visualpublinet.com\/creditos-coruna.gif","type":"","width":"","height":""}],"twitter_card":"summary_large_image","twitter_misc":{"Tiempo de lectura":"1 minuto"},"schema":{"@context":"https:\/\/schema.org","@graph":[{"@type":"WebPage","@id":"https:\/\/turismo.concellodovicedo.org\/es\/deseno-web\/","url":"https:\/\/turismo.concellodovicedo.org\/es\/deseno-web\/","name":"Dese\u00f1o web &#8226; Turismo Concello do Vicedo","isPartOf":{"@id":"https:\/\/turismo.concellodovicedo.org\/es\/#website"},"primaryImageOfPage":{"@id":"https:\/\/turismo.concellodovicedo.org\/es\/deseno-web\/#primaryimage"},"image":{"@id":"https:\/\/turismo.concellodovicedo.org\/es\/deseno-web\/#primaryimage"},"thumbnailUrl":"https:\/\/visualpublinet.com\/creditos-coruna.gif","datePublished":"2020-12-01T15:30:39+00:00","dateModified":"2022-01-19T12:08:47+00:00","breadcrumb":{"@id":"https:\/\/turismo.concellodovicedo.org\/es\/deseno-web\/#breadcrumb"},"inLanguage":"es","potentialAction":[{"@type":"ReadAction","target":["https:\/\/turismo.concellodovicedo.org\/es\/deseno-web\/"]}]},{"@type":"ImageObject","inLanguage":"es","@id":"https:\/\/turismo.concellodovicedo.org\/es\/deseno-web\/#primaryimage","url":"https:\/\/visualpublinet.com\/creditos-coruna.gif","contentUrl":"https:\/\/visualpublinet.com\/creditos-coruna.gif"},{"@type":"BreadcrumbList","@id":"https:\/\/turismo.concellodovicedo.org\/es\/deseno-web\/#breadcrumb","itemListElement":[{"@type":"ListItem","position":1,"name":"Home","item":"https:\/\/turismo.concellodovicedo.org\/es\/"},{"@type":"ListItem","position":2,"name":"Dese\u00f1o web"}]},{"@type":"WebSite","@id":"https:\/\/turismo.concellodovicedo.org\/es\/#website","url":"https:\/\/turismo.concellodovicedo.org\/es\/","name":"Turismo Concello do Vicedo","description":"Portal de Turismo do Concello do Vicedo","publisher":{"@id":"https:\/\/turismo.concellodovicedo.org\/es\/#organization"},"potentialAction":[{"@type":"SearchAction","target":{"@type":"EntryPoint","urlTemplate":"https:\/\/turismo.concellodovicedo.org\/es\/?s={search_term_string}"},"query-input":{"@type":"PropertyValueSpecification","valueRequired":true,"valueName":"search_term_string"}}],"inLanguage":"es"},{"@type":"Organization","@id":"https:\/\/turismo.concellodovicedo.org\/es\/#organization","name":"Turismo Concello O Vicedo","url":"https:\/\/turismo.concellodovicedo.org\/es\/","logo":{"@type":"ImageObject","inLanguage":"es","@id":"https:\/\/turismo.concellodovicedo.org\/es\/#\/schema\/logo\/image\/","url":"https:\/\/turismo.concellodovicedo.org\/wp-content\/uploads\/2021\/11\/logo-turismo-vicedo-02.png","contentUrl":"https:\/\/turismo.concellodovicedo.org\/wp-content\/uploads\/2021\/11\/logo-turismo-vicedo-02.png","width":200,"height":200,"caption":"Turismo Concello O Vicedo"},"image":{"@id":"https:\/\/turismo.concellodovicedo.org\/es\/#\/schema\/logo\/image\/"}}]}},"_links":{"self":[{"href":"https:\/\/turismo.concellodovicedo.org\/es\/wp-json\/wp\/v2\/pages\/6233","targetHints":{"allow":["GET"]}}],"collection":[{"href":"https:\/\/turismo.concellodovicedo.org\/es\/wp-json\/wp\/v2\/pages"}],"about":[{"href":"https:\/\/turismo.concellodovicedo.org\/es\/wp-json\/wp\/v2\/types\/page"}],"author":[{"embeddable":true,"href":"https:\/\/turismo.concellodovicedo.org\/es\/wp-json\/wp\/v2\/users\/1"}],"replies":[{"embeddable":true,"href":"https:\/\/turismo.concellodovicedo.org\/es\/wp-json\/wp\/v2\/comments?post=6233"}],"version-history":[{"count":1,"href":"https:\/\/turismo.concellodovicedo.org\/es\/wp-json\/wp\/v2\/pages\/6233\/revisions"}],"predecessor-version":[{"id":6236,"href":"https:\/\/turismo.concellodovicedo.org\/es\/wp-json\/wp\/v2\/pages\/6233\/revisions\/6236"}],"wp:attachment":[{"href":"https:\/\/turismo.concellodovicedo.org\/es\/wp-json\/wp\/v2\/media?parent=6233"}],"curies":[{"name":"wp","href":"https:\/\/api.w.org\/{rel}","templated":true}]}}