{"id":6204,"date":"2021-11-25T09:01:52","date_gmt":"2021-11-25T08:01:52","guid":{"rendered":"http:\/\/turismo.concellodovicedo.org.185-176-9-81.185-176-9-81.visualpublinet.com\/folletos-e-guias\/"},"modified":"2022-11-28T10:56:24","modified_gmt":"2022-11-28T09:56:24","slug":"folletos-e-guias","status":"publish","type":"page","link":"https:\/\/turismo.concellodovicedo.org\/es\/guia-do-viaxeiro\/folletos-e-guias\/","title":{"rendered":"Folletos y gu\u00edas"},"content":{"rendered":"<p>[et_pb_section fb_built=\u00bb1&#8243; _builder_version=\u00bb4.13.1&#8243; _module_preset=\u00bbdefault\u00bb use_background_color_gradient=\u00bbon\u00bb background_color_gradient_start=\u00bb#4cccd3&#8243; background_color_gradient_end=\u00bbrgba(0,178,21,0.5)\u00bb background_color_gradient_overlays_image=\u00bbon\u00bb background_image=\u00bbhttps:\/\/turismo.concellodovicedo.org\/wp-content\/uploads\/2021\/11\/cabecera-directorio-descargas-01.jpg\u00bb custom_margin=\u00bb0px||80px||false|false\u00bb custom_margin_tablet=\u00bb||50px||false|false\u00bb custom_margin_phone=\u00bb||50px||false|false\u00bb custom_margin_last_edited=\u00bbon|tablet\u00bb custom_padding=\u00bb100px||100px||false|false\u00bb animation_style=\u00bbfade\u00bb global_colors_info=\u00bb{}\u00bb][et_pb_row _builder_version=\u00bb4.13.1&#8243; _module_preset=\u00bbdefault\u00bb custom_margin=\u00bb0px||0px||false|false\u00bb custom_padding=\u00bb0px||0px||false|false\u00bb animation_style=\u00bbslide\u00bb animation_direction=\u00bbtop\u00bb global_colors_info=\u00bb{}\u00bb][et_pb_column type=\u00bb4_4&#8243; _builder_version=\u00bb4.13.1&#8243; _module_preset=\u00bbdefault\u00bb global_colors_info=\u00bb{}\u00bb][et_pb_text _builder_version=\u00bb4.13.1&#8243; _module_preset=\u00bbdefault\u00bb header_font=\u00bb|700|||||||\u00bb header_text_color=\u00bb#FFFFFF\u00bb header_4_font=\u00bb|700||on|||||\u00bb header_4_text_color=\u00bb#FFFFFF\u00bb text_orientation=\u00bbcenter\u00bb global_colors_info=\u00bb{}\u00bb]<\/p>\n<h4><a href=\"\/guia-do-viaxeiro\">Gu\u00eda del viajero<\/a><\/h4>\n<h1>Folletos y gu\u00edas<\/h1>\n<p>[\/et_pb_text][\/et_pb_column][\/et_pb_row][\/et_pb_section][et_pb_section fb_built=\u00bb1&#8243; _builder_version=\u00bb4.13.1&#8243; _module_preset=\u00bbdefault\u00bb custom_margin=\u00bb0px||80px||false|false\u00bb custom_margin_tablet=\u00bb||50px||false|false\u00bb custom_margin_phone=\u00bb||50px||false|false\u00bb custom_margin_last_edited=\u00bbon|tablet\u00bb custom_padding=\u00bb0px||0px||false|false\u00bb animation_style=\u00bbslide\u00bb global_colors_info=\u00bb{}\u00bb][et_pb_row _builder_version=\u00bb4.13.1&#8243; _module_preset=\u00bbdefault\u00bb width=\u00bb50%\u00bb width_tablet=\u00bb80%\u00bb width_phone=\u00bb80%\u00bb width_last_edited=\u00bbon|tablet\u00bb custom_margin=\u00bb0px||0px||false|false\u00bb custom_padding=\u00bb0px||0px||false|false\u00bb global_colors_info=\u00bb{}\u00bb][et_pb_column type=\u00bb4_4&#8243; _builder_version=\u00bb4.13.1&#8243; _module_preset=\u00bbdefault\u00bb global_colors_info=\u00bb{}\u00bb][et_pb_text _builder_version=\u00bb4.13.1&#8243; _module_preset=\u00bbdefault\u00bb text_orientation=\u00bbcenter\u00bb global_colors_info=\u00bb{}\u00bb]<\/p>\n<p>Las gu\u00edas tur\u00edsticas que se muestran a continuaci\u00f3n, se ponen a disposici\u00f3n de todo aquel que quiera descubrir los rincones m\u00e1s envolventes del Ayuntamiento de O Vicedo y de otros municipios que forman parte de la Mari\u00f1a Lucense.<\/p>\n<p>[\/et_pb_text][\/et_pb_column][\/et_pb_row][\/et_pb_section][et_pb_section fb_built=\u00bb1&#8243; _builder_version=\u00bb4.13.1&#8243; _module_preset=\u00bbdefault\u00bb custom_margin=\u00bb0px||80px||false|false\u00bb custom_margin_tablet=\u00bb||50px||false|false\u00bb custom_margin_phone=\u00bb||50px||false|false\u00bb custom_margin_last_edited=\u00bbon|tablet\u00bb custom_padding=\u00bb0px||0px||false|false\u00bb animation_style=\u00bbslide\u00bb global_colors_info=\u00bb{}\u00bb][et_pb_row column_structure=\u00bb1_3,1_3,1_3&#8243; _builder_version=\u00bb4.13.1&#8243; _module_preset=\u00bbdefault\u00bb custom_margin=\u00bb0px||50px||false|false\u00bb custom_padding=\u00bb0px||0px||false|false\u00bb global_colors_info=\u00bb{}\u00bb][et_pb_column type=\u00bb1_3&#8243; _builder_version=\u00bb4.13.1&#8243; _dynamic_attributes=\u00bblink_option_url\u00bb _module_preset=\u00bbdefault\u00bb link_option_url=\u00bb@ET-DC@eyJkeW5hbWljIjp0cnVlLCJjb250ZW50IjoicG9zdF9saW5rX3VybF9hdHRhY2htZW50Iiwic2V0dGluZ3MiOnsicG9zdF9pZCI6IjU4ODUifX0=@\u00bb global_colors_info=\u00bb{}\u00bb][et_pb_blurb title=\u00bbFolleto O Vicedo, Naturaleza Envolvente (edici\u00f3n 2021)\u00bb use_icon=\u00bbon\u00bb font_icon=\u00bb&#x69;||divi||400&#8243; icon_color=\u00bb#FFC400&#8243; icon_placement=\u00bbleft\u00bb content_max_width=\u00bb100%\u00bb _builder_version=\u00bb4.13.1&#8243; _module_preset=\u00bbdefault\u00bb header_level=\u00bbh6&#8243; header_font=\u00bb|700||on|||||\u00bb header_text_color=\u00bb#00C7D3&#8243; global_colors_info=\u00bb{}\u00bb]<\/p>\n<p>Galego-Espa\u00f1ol-English<\/p>\n<p>[\/et_pb_blurb][\/et_pb_column][et_pb_column type=\u00bb1_3&#8243; _builder_version=\u00bb4.13.1&#8243; _dynamic_attributes=\u00bblink_option_url\u00bb _module_preset=\u00bbdefault\u00bb link_option_url=\u00bb@ET-DC@eyJkeW5hbWljIjp0cnVlLCJjb250ZW50IjoicG9zdF9saW5rX3VybF9hdHRhY2htZW50Iiwic2V0dGluZ3MiOnsicG9zdF9pZCI6IjU4OTIifX0=@\u00bb global_colors_info=\u00bb{}\u00bb][et_pb_blurb title=\u00bbMari\u00f1a lucense, m\u00e1gica por naturaleza\u00bb use_icon=\u00bbon\u00bb font_icon=\u00bb&#x69;||divi||400&#8243; icon_color=\u00bb#FFC400&#8243; icon_placement=\u00bbleft\u00bb content_max_width=\u00bb100%\u00bb _builder_version=\u00bb4.13.1&#8243; _module_preset=\u00bbdefault\u00bb header_level=\u00bbh6&#8243; header_font=\u00bb|700||on|||||\u00bb header_text_color=\u00bb#00C7D3&#8243; global_colors_info=\u00bb{}\u00bb]<\/p>\n<p>Mapa tur\u00edstico (Espa\u00f1ol)<\/p>\n<p>[\/et_pb_blurb][\/et_pb_column][et_pb_column type=\u00bb1_3&#8243; _builder_version=\u00bb4.13.1&#8243; _dynamic_attributes=\u00bblink_option_url\u00bb _module_preset=\u00bbdefault\u00bb link_option_url=\u00bb@ET-DC@eyJkeW5hbWljIjp0cnVlLCJjb250ZW50IjoicG9zdF9saW5rX3VybF9hdHRhY2htZW50Iiwic2V0dGluZ3MiOnsicG9zdF9pZCI6IjU4ODgifX0=@\u00bb global_colors_info=\u00bb{}\u00bb][et_pb_blurb title=\u00bbRuta Morgall\u00f3n &#8211; R\u00edo Sor &#8211; Morgall\u00f3n (edici\u00f3n 2021)\u00bb use_icon=\u00bbon\u00bb font_icon=\u00bb&#x69;||divi||400&#8243; icon_color=\u00bb#FFC400&#8243; icon_placement=\u00bbleft\u00bb content_max_width=\u00bb100%\u00bb _builder_version=\u00bb4.13.1&#8243; _module_preset=\u00bbdefault\u00bb header_level=\u00bbh6&#8243; header_font=\u00bb|700||on|||||\u00bb header_text_color=\u00bb#00C7D3&#8243; global_colors_info=\u00bb{}\u00bb]<\/p>\n<p>Galego-Espa\u00f1ol<\/p>\n<p>[\/et_pb_blurb][\/et_pb_column][\/et_pb_row][et_pb_row column_structure=\u00bb1_3,1_3,1_3&#8243; _builder_version=\u00bb4.13.1&#8243; _module_preset=\u00bbdefault\u00bb custom_margin=\u00bb0px||50px||false|false\u00bb custom_padding=\u00bb0px||0px||false|false\u00bb global_colors_info=\u00bb{}\u00bb][et_pb_column type=\u00bb1_3&#8243; _builder_version=\u00bb4.13.1&#8243; _dynamic_attributes=\u00bblink_option_url\u00bb _module_preset=\u00bbdefault\u00bb link_option_url=\u00bb@ET-DC@eyJkeW5hbWljIjp0cnVlLCJjb250ZW50IjoicG9zdF9saW5rX3VybF9hdHRhY2htZW50Iiwic2V0dGluZ3MiOnsicG9zdF9pZCI6IjU4OTAifX0=@\u00bb global_colors_info=\u00bb{}\u00bb][et_pb_blurb title=\u00bbRuta de Senderismo, costa de O Vicedo\u00bb use_icon=\u00bbon\u00bb font_icon=\u00bb&#x69;||divi||400&#8243; icon_color=\u00bb#FFC400&#8243; icon_placement=\u00bbleft\u00bb content_max_width=\u00bb100%\u00bb _builder_version=\u00bb4.13.1&#8243; _module_preset=\u00bbdefault\u00bb header_level=\u00bbh6&#8243; header_font=\u00bb|700||on|||||\u00bb header_text_color=\u00bb#00C7D3&#8243; global_colors_info=\u00bb{}\u00bb]<\/p>\n<p>Espa\u00f1ol<\/p>\n<p>[\/et_pb_blurb][\/et_pb_column][et_pb_column type=\u00bb1_3&#8243; _builder_version=\u00bb4.13.1&#8243; _dynamic_attributes=\u00bblink_option_url\u00bb _module_preset=\u00bbdefault\u00bb link_option_url=\u00bb@ET-DC@eyJkeW5hbWljIjp0cnVlLCJjb250ZW50IjoicG9zdF9saW5rX3VybF9hdHRhY2htZW50Iiwic2V0dGluZ3MiOnsicG9zdF9pZCI6IjU4NjkifX0=@\u00bb global_colors_info=\u00bb{}\u00bb][et_pb_blurb title=\u00bbCallejero O Vicedo (centro)\u00bb use_icon=\u00bbon\u00bb font_icon=\u00bb&#x69;||divi||400&#8243; icon_color=\u00bb#FFC400&#8243; icon_placement=\u00bbleft\u00bb content_max_width=\u00bb100%\u00bb _builder_version=\u00bb4.13.1&#8243; _module_preset=\u00bbdefault\u00bb header_level=\u00bbh6&#8243; header_font=\u00bb|700||on|||||\u00bb header_text_color=\u00bb#00C7D3&#8243; global_colors_info=\u00bb{}\u00bb][\/et_pb_blurb][\/et_pb_column][et_pb_column type=\u00bb1_3&#8243; _builder_version=\u00bb4.13.1&#8243; _dynamic_attributes=\u00bblink_option_url\u00bb _module_preset=\u00bbdefault\u00bb link_option_url=\u00bb@ET-DC@eyJkeW5hbWljIjp0cnVlLCJjb250ZW50IjoicG9zdF9saW5rX3VybF9hdHRhY2htZW50Iiwic2V0dGluZ3MiOnsicG9zdF9pZCI6IjU4OTcifX0=@\u00bb global_colors_info=\u00bb{}\u00bb][et_pb_blurb title=\u00bbRutas de artesan\u00eda de la Mari\u00f1a Lucense\u00bb use_icon=\u00bbon\u00bb font_icon=\u00bb&#x69;||divi||400&#8243; icon_color=\u00bb#FFC400&#8243; icon_placement=\u00bbleft\u00bb content_max_width=\u00bb100%\u00bb _builder_version=\u00bb4.13.1&#8243; _module_preset=\u00bbdefault\u00bb header_level=\u00bbh6&#8243; header_font=\u00bb|700||on|||||\u00bb header_text_color=\u00bb#00C7D3&#8243; global_colors_info=\u00bb{}\u00bb]<\/p>\n<p>Galego<\/p>\n<p>[\/et_pb_blurb][\/et_pb_column][\/et_pb_row][et_pb_row column_structure=\u00bb1_3,1_3,1_3&#8243; _builder_version=\u00bb4.13.1&#8243; _module_preset=\u00bbdefault\u00bb custom_margin=\u00bb0px||50px||false|false\u00bb custom_padding=\u00bb0px||0px||false|false\u00bb global_colors_info=\u00bb{}\u00bb][et_pb_column type=\u00bb1_3&#8243; _builder_version=\u00bb4.13.1&#8243; _module_preset=\u00bbdefault\u00bb link_option_url=\u00bb\/wp-content\/uploads\/2021\/12\/festasmarinhalucense_galego_cal-scaled.jpg\u00bb global_colors_info=\u00bb{}\u00bb][et_pb_blurb title=\u00bbFiestas y eventos de la Mari\u00f1a Lucense\u00bb use_icon=\u00bbon\u00bb font_icon=\u00bb&#x69;||divi||400&#8243; icon_color=\u00bb#FFC400&#8243; icon_placement=\u00bbleft\u00bb content_max_width=\u00bb100%\u00bb _builder_version=\u00bb4.13.1&#8243; _module_preset=\u00bbdefault\u00bb header_level=\u00bbh6&#8243; header_font=\u00bb|700||on|||||\u00bb header_text_color=\u00bb#00C7D3&#8243; global_colors_info=\u00bb{}\u00bb][\/et_pb_blurb][\/et_pb_column][et_pb_column type=\u00bb1_3&#8243; _builder_version=\u00bb4.13.1&#8243; _dynamic_attributes=\u00bblink_option_url\u00bb _module_preset=\u00bbdefault\u00bb link_option_url=\u00bb@ET-DC@eyJkeW5hbWljIjp0cnVlLCJjb250ZW50IjoicG9zdF9saW5rX3VybF9hdHRhY2htZW50Iiwic2V0dGluZ3MiOnsicG9zdF9pZCI6IjU4NjkifX0=@\u00bb global_colors_info=\u00bb{}\u00bb][et_pb_blurb title=\u00bbMapa Oficial O Vicedo\u00bb use_icon=\u00bbon\u00bb font_icon=\u00bb&#x69;||divi||400&#8243; icon_color=\u00bb#FFC400&#8243; icon_placement=\u00bbleft\u00bb content_max_width=\u00bb100%\u00bb _builder_version=\u00bb4.13.1&#8243; _module_preset=\u00bbdefault\u00bb header_level=\u00bbh6&#8243; header_font=\u00bb|700||on|||||\u00bb header_text_color=\u00bb#00C7D3&#8243; hover_enabled=\u00bb0&#8243; global_colors_info=\u00bb{}\u00bb link_option_url=\u00bb@ET-DC@eyJkeW5hbWljIjp0cnVlLCJjb250ZW50IjoicG9zdF9saW5rX3VybF9hdHRhY2htZW50Iiwic2V0dGluZ3MiOnsicG9zdF9pZCI6IjcyODIifX0=@\u00bb _dynamic_attributes=\u00bblink_option_url\u00bb url=\u00bbhttps:\/\/turismo.concellodovicedo.org\/wp-content\/uploads\/2022\/11\/Mapa-O-Vicedo-2022.pdf\u00bb sticky_enabled=\u00bb0&#8243;][\/et_pb_blurb][\/et_pb_column][et_pb_column type=\u00bb1_3&#8243; _builder_version=\u00bb4.13.1&#8243; _dynamic_attributes=\u00bblink_option_url\u00bb _module_preset=\u00bbdefault\u00bb link_option_url=\u00bb@ET-DC@eyJkeW5hbWljIjp0cnVlLCJjb250ZW50IjoicG9zdF9saW5rX3VybF9hdHRhY2htZW50Iiwic2V0dGluZ3MiOnsicG9zdF9pZCI6IjU4OTcifX0=@\u00bb global_colors_info=\u00bb{}\u00bb][\/et_pb_column][\/et_pb_row][\/et_pb_section]<\/p>\n","protected":false},"excerpt":{"rendered":"<p>Gu\u00eda del viajero Folletos y gu\u00edasLas gu\u00edas tur\u00edsticas que se muestran a continuaci\u00f3n, se ponen a disposici\u00f3n de todo aquel que quiera descubrir los rincones m\u00e1s envolventes del Ayuntamiento de O Vicedo y de otros municipios que forman parte de la Mari\u00f1a Lucense.Galego-Espa\u00f1ol-EnglishMapa tur\u00edstico (Espa\u00f1ol)Galego-Espa\u00f1olEspa\u00f1olGalego<\/p>\n","protected":false},"author":1,"featured_media":0,"parent":6212,"menu_order":0,"comment_status":"closed","ping_status":"closed","template":"","meta":{"_acf_changed":false,"_et_pb_use_builder":"on","_et_pb_old_content":"","_et_gb_content_width":"","inline_featured_image":false,"footnotes":""},"class_list":["post-6204","page","type-page","status-publish","hentry"],"acf":[],"yoast_head":"<!-- This site is optimized with the Yoast SEO plugin v24.7 - https:\/\/yoast.com\/wordpress\/plugins\/seo\/ -->\n<title>Folletos y gu\u00edas &#8226; Turismo Concello do Vicedo<\/title>\n<meta name=\"robots\" content=\"index, follow, max-snippet:-1, max-image-preview:large, max-video-preview:-1\" \/>\n<link rel=\"canonical\" href=\"https:\/\/turismo.concellodovicedo.org\/es\/guia-do-viaxeiro\/folletos-e-guias\/\" \/>\n<meta property=\"og:locale\" content=\"es_ES\" \/>\n<meta property=\"og:type\" content=\"article\" \/>\n<meta property=\"og:title\" content=\"Folletos y gu\u00edas &#8226; Turismo Concello do Vicedo\" \/>\n<meta property=\"og:description\" content=\"Gu\u00eda del viajero Folletos y gu\u00edasLas gu\u00edas tur\u00edsticas que se muestran a continuaci\u00f3n, se ponen a disposici\u00f3n de todo aquel que quiera descubrir los rincones m\u00e1s envolventes del Ayuntamiento de O Vicedo y de otros municipios que forman parte de la Mari\u00f1a Lucense.Galego-Espa\u00f1ol-EnglishMapa tur\u00edstico (Espa\u00f1ol)Galego-Espa\u00f1olEspa\u00f1olGalego\" \/>\n<meta property=\"og:url\" content=\"https:\/\/turismo.concellodovicedo.org\/es\/guia-do-viaxeiro\/folletos-e-guias\/\" \/>\n<meta property=\"og:site_name\" content=\"Turismo Concello do Vicedo\" \/>\n<meta property=\"article:modified_time\" content=\"2022-11-28T09:56:24+00:00\" \/>\n<meta name=\"twitter:card\" content=\"summary_large_image\" \/>\n<meta name=\"twitter:label1\" content=\"Tiempo de lectura\" \/>\n\t<meta name=\"twitter:data1\" content=\"6 minutos\" \/>\n<script type=\"application\/ld+json\" class=\"yoast-schema-graph\">{\"@context\":\"https:\/\/schema.org\",\"@graph\":[{\"@type\":\"WebPage\",\"@id\":\"https:\/\/turismo.concellodovicedo.org\/es\/guia-do-viaxeiro\/folletos-e-guias\/\",\"url\":\"https:\/\/turismo.concellodovicedo.org\/es\/guia-do-viaxeiro\/folletos-e-guias\/\",\"name\":\"Folletos y gu\u00edas &#8226; Turismo Concello do Vicedo\",\"isPartOf\":{\"@id\":\"https:\/\/turismo.concellodovicedo.org\/es\/#website\"},\"datePublished\":\"2021-11-25T08:01:52+00:00\",\"dateModified\":\"2022-11-28T09:56:24+00:00\",\"breadcrumb\":{\"@id\":\"https:\/\/turismo.concellodovicedo.org\/es\/guia-do-viaxeiro\/folletos-e-guias\/#breadcrumb\"},\"inLanguage\":\"es\",\"potentialAction\":[{\"@type\":\"ReadAction\",\"target\":[\"https:\/\/turismo.concellodovicedo.org\/es\/guia-do-viaxeiro\/folletos-e-guias\/\"]}]},{\"@type\":\"BreadcrumbList\",\"@id\":\"https:\/\/turismo.concellodovicedo.org\/es\/guia-do-viaxeiro\/folletos-e-guias\/#breadcrumb\",\"itemListElement\":[{\"@type\":\"ListItem\",\"position\":1,\"name\":\"Home\",\"item\":\"https:\/\/turismo.concellodovicedo.org\/es\/\"},{\"@type\":\"ListItem\",\"position\":2,\"name\":\"Gu\u00eda del viajero\",\"item\":\"https:\/\/turismo.concellodovicedo.org\/es\/guia-do-viaxeiro\/\"},{\"@type\":\"ListItem\",\"position\":3,\"name\":\"Folletos y gu\u00edas\"}]},{\"@type\":\"WebSite\",\"@id\":\"https:\/\/turismo.concellodovicedo.org\/es\/#website\",\"url\":\"https:\/\/turismo.concellodovicedo.org\/es\/\",\"name\":\"Turismo Concello do Vicedo\",\"description\":\"Portal de Turismo do Concello do Vicedo\",\"publisher\":{\"@id\":\"https:\/\/turismo.concellodovicedo.org\/es\/#organization\"},\"potentialAction\":[{\"@type\":\"SearchAction\",\"target\":{\"@type\":\"EntryPoint\",\"urlTemplate\":\"https:\/\/turismo.concellodovicedo.org\/es\/?s={search_term_string}\"},\"query-input\":{\"@type\":\"PropertyValueSpecification\",\"valueRequired\":true,\"valueName\":\"search_term_string\"}}],\"inLanguage\":\"es\"},{\"@type\":\"Organization\",\"@id\":\"https:\/\/turismo.concellodovicedo.org\/es\/#organization\",\"name\":\"Turismo Concello O Vicedo\",\"url\":\"https:\/\/turismo.concellodovicedo.org\/es\/\",\"logo\":{\"@type\":\"ImageObject\",\"inLanguage\":\"es\",\"@id\":\"https:\/\/turismo.concellodovicedo.org\/es\/#\/schema\/logo\/image\/\",\"url\":\"https:\/\/turismo.concellodovicedo.org\/wp-content\/uploads\/2021\/11\/logo-turismo-vicedo-02.png\",\"contentUrl\":\"https:\/\/turismo.concellodovicedo.org\/wp-content\/uploads\/2021\/11\/logo-turismo-vicedo-02.png\",\"width\":200,\"height\":200,\"caption\":\"Turismo Concello O Vicedo\"},\"image\":{\"@id\":\"https:\/\/turismo.concellodovicedo.org\/es\/#\/schema\/logo\/image\/\"}}]}<\/script>\n<!-- \/ Yoast SEO plugin. -->","yoast_head_json":{"title":"Folletos y gu\u00edas &#8226; Turismo Concello do Vicedo","robots":{"index":"index","follow":"follow","max-snippet":"max-snippet:-1","max-image-preview":"max-image-preview:large","max-video-preview":"max-video-preview:-1"},"canonical":"https:\/\/turismo.concellodovicedo.org\/es\/guia-do-viaxeiro\/folletos-e-guias\/","og_locale":"es_ES","og_type":"article","og_title":"Folletos y gu\u00edas &#8226; Turismo Concello do Vicedo","og_description":"Gu\u00eda del viajero Folletos y gu\u00edasLas gu\u00edas tur\u00edsticas que se muestran a continuaci\u00f3n, se ponen a disposici\u00f3n de todo aquel que quiera descubrir los rincones m\u00e1s envolventes del Ayuntamiento de O Vicedo y de otros municipios que forman parte de la Mari\u00f1a Lucense.Galego-Espa\u00f1ol-EnglishMapa tur\u00edstico (Espa\u00f1ol)Galego-Espa\u00f1olEspa\u00f1olGalego","og_url":"https:\/\/turismo.concellodovicedo.org\/es\/guia-do-viaxeiro\/folletos-e-guias\/","og_site_name":"Turismo Concello do Vicedo","article_modified_time":"2022-11-28T09:56:24+00:00","twitter_card":"summary_large_image","twitter_misc":{"Tiempo de lectura":"6 minutos"},"schema":{"@context":"https:\/\/schema.org","@graph":[{"@type":"WebPage","@id":"https:\/\/turismo.concellodovicedo.org\/es\/guia-do-viaxeiro\/folletos-e-guias\/","url":"https:\/\/turismo.concellodovicedo.org\/es\/guia-do-viaxeiro\/folletos-e-guias\/","name":"Folletos y gu\u00edas &#8226; Turismo Concello do Vicedo","isPartOf":{"@id":"https:\/\/turismo.concellodovicedo.org\/es\/#website"},"datePublished":"2021-11-25T08:01:52+00:00","dateModified":"2022-11-28T09:56:24+00:00","breadcrumb":{"@id":"https:\/\/turismo.concellodovicedo.org\/es\/guia-do-viaxeiro\/folletos-e-guias\/#breadcrumb"},"inLanguage":"es","potentialAction":[{"@type":"ReadAction","target":["https:\/\/turismo.concellodovicedo.org\/es\/guia-do-viaxeiro\/folletos-e-guias\/"]}]},{"@type":"BreadcrumbList","@id":"https:\/\/turismo.concellodovicedo.org\/es\/guia-do-viaxeiro\/folletos-e-guias\/#breadcrumb","itemListElement":[{"@type":"ListItem","position":1,"name":"Home","item":"https:\/\/turismo.concellodovicedo.org\/es\/"},{"@type":"ListItem","position":2,"name":"Gu\u00eda del viajero","item":"https:\/\/turismo.concellodovicedo.org\/es\/guia-do-viaxeiro\/"},{"@type":"ListItem","position":3,"name":"Folletos y gu\u00edas"}]},{"@type":"WebSite","@id":"https:\/\/turismo.concellodovicedo.org\/es\/#website","url":"https:\/\/turismo.concellodovicedo.org\/es\/","name":"Turismo Concello do Vicedo","description":"Portal de Turismo do Concello do Vicedo","publisher":{"@id":"https:\/\/turismo.concellodovicedo.org\/es\/#organization"},"potentialAction":[{"@type":"SearchAction","target":{"@type":"EntryPoint","urlTemplate":"https:\/\/turismo.concellodovicedo.org\/es\/?s={search_term_string}"},"query-input":{"@type":"PropertyValueSpecification","valueRequired":true,"valueName":"search_term_string"}}],"inLanguage":"es"},{"@type":"Organization","@id":"https:\/\/turismo.concellodovicedo.org\/es\/#organization","name":"Turismo Concello O Vicedo","url":"https:\/\/turismo.concellodovicedo.org\/es\/","logo":{"@type":"ImageObject","inLanguage":"es","@id":"https:\/\/turismo.concellodovicedo.org\/es\/#\/schema\/logo\/image\/","url":"https:\/\/turismo.concellodovicedo.org\/wp-content\/uploads\/2021\/11\/logo-turismo-vicedo-02.png","contentUrl":"https:\/\/turismo.concellodovicedo.org\/wp-content\/uploads\/2021\/11\/logo-turismo-vicedo-02.png","width":200,"height":200,"caption":"Turismo Concello O Vicedo"},"image":{"@id":"https:\/\/turismo.concellodovicedo.org\/es\/#\/schema\/logo\/image\/"}}]}},"_links":{"self":[{"href":"https:\/\/turismo.concellodovicedo.org\/es\/wp-json\/wp\/v2\/pages\/6204","targetHints":{"allow":["GET"]}}],"collection":[{"href":"https:\/\/turismo.concellodovicedo.org\/es\/wp-json\/wp\/v2\/pages"}],"about":[{"href":"https:\/\/turismo.concellodovicedo.org\/es\/wp-json\/wp\/v2\/types\/page"}],"author":[{"embeddable":true,"href":"https:\/\/turismo.concellodovicedo.org\/es\/wp-json\/wp\/v2\/users\/1"}],"replies":[{"embeddable":true,"href":"https:\/\/turismo.concellodovicedo.org\/es\/wp-json\/wp\/v2\/comments?post=6204"}],"version-history":[{"count":8,"href":"https:\/\/turismo.concellodovicedo.org\/es\/wp-json\/wp\/v2\/pages\/6204\/revisions"}],"predecessor-version":[{"id":7305,"href":"https:\/\/turismo.concellodovicedo.org\/es\/wp-json\/wp\/v2\/pages\/6204\/revisions\/7305"}],"up":[{"embeddable":true,"href":"https:\/\/turismo.concellodovicedo.org\/es\/wp-json\/wp\/v2\/pages\/6212"}],"wp:attachment":[{"href":"https:\/\/turismo.concellodovicedo.org\/es\/wp-json\/wp\/v2\/media?parent=6204"}],"curies":[{"name":"wp","href":"https:\/\/api.w.org\/{rel}","templated":true}]}}